{"id":2,"date":"2023-10-02T14:10:26","date_gmt":"2023-10-02T14:10:26","guid":{"rendered":"https:\/\/ma-spaw.pl:8001\/?page_id=2"},"modified":"2023-12-19T16:49:33","modified_gmt":"2023-12-19T16:49:33","slug":"sample-page","status":"publish","type":"page","link":"https:\/\/ma-spaw.pl\/sample-page\/","title":{"rendered":"O mnie"},"content":{"rendered":"\n<p><\/p>\n\n\n\n<p><\/p>\n\n\n\n<p>Witaj na mojej naszej firmy! Zajmuj\u0119 si\u0119 profesjonalnymi us\u0142ugami spawalniczymi, monta\u017cem bram i ogrodze\u0144, oraz \u015blusarstwem, a tak\u017ce produkcj\u0105 mebli o wyj\u0105tkowym charakterze. Dzia\u0142am na terenie Podlasia, a moim priorytetem jest zapewnienie Klientom trwa\u0142ych, estetycznych i funkcjonalnych rozwi\u0105za\u0144. <\/p>\n\n\n\n<p>Jestem zawsze got\u00f3w podj\u0105\u0107 si\u0119 nowych wyzwa\u0144 i realizowa\u0107 nietypowe projekty. Moja praca opiera si\u0119 na solidno\u015bci, jako\u015bci i zadowoleniu klienta. Je\u015bli masz pytania lub potrzebujesz profesjonalnych us\u0142ug w jednej z powy\u017cszych dziedzin, skontaktuj si\u0119 ze mn\u0105. Ch\u0119tnie odpowiem na Twoje pytania i przygotuj\u0119 ofert\u0119 dostosowan\u0105 do Twoich potrzeb.<\/p>\n\n\n\n<p>M\u00f3j warsztat mie\u015bci si\u0119 w powiecie Sok\u00f3lskim (Podlasie), jednak zam\u00f3wienia realizuj\u0119 z terenu ca\u0142ej polski. Zapewniam wysy\u0142k\u0119 produkt\u00f3w na terenie ca\u0142ego kraju lub bezpo\u015bredni dow\u00f3z po wcze\u015bniejszym uzgodnieniu warunk\u00f3w realizacji. <\/p>\n","protected":false},"excerpt":{"rendered":"<p>Witaj na mojej naszej firmy! Zajmuj\u0119 si\u0119 profesjonalnymi us\u0142ugami spawalniczymi, monta\u017cem bram i ogrodze\u0144, oraz \u015blusarstwem, a tak\u017ce produkcj\u0105 mebli o wyj\u0105tkowym charakterze. Dzia\u0142am na terenie Podlasia, a moim priorytetem jest zapewnienie Klientom trwa\u0142ych, estetycznych i funkcjonalnych rozwi\u0105za\u0144. Jestem zawsze got\u00f3w podj\u0105\u0107 si\u0119 nowych wyzwa\u0144 i realizowa\u0107 nietypowe projekty. Moja praca opiera si\u0119 na solidno\u015bci, [&hellip;]<\/p>\n","protected":false},"author":1,"featured_media":0,"parent":0,"menu_order":0,"comment_status":"closed","ping_status":"open","template":"","meta":{"site-sidebar-layout":"default","site-content-layout":"","ast-site-content-layout":"default","site-content-style":"default","site-sidebar-style":"default","ast-global-header-display":"","ast-banner-title-visibility":"","ast-main-header-display":"","ast-hfb-above-header-display":"","ast-hfb-below-header-display":"","ast-hfb-mobile-header-display":"","site-post-title":"","ast-breadcrumbs-content":"","ast-featured-img":"","footer-sml-layout":"","ast-disable-related-posts":"","theme-transparent-header-meta":"","adv-header-id-meta":"","stick-header-meta":"","header-above-stick-meta":"","header-main-stick-meta":"","header-below-stick-meta":"","astra-migrate-meta-layouts":"default","ast-page-background-enabled":"default","ast-page-background-meta":{"desktop":{"background-color":"","background-image":"","background-repeat":"repeat","background-position":"center center","background-size":"auto","background-attachment":"scroll","background-type":"","background-media":"","overlay-type":"","overlay-color":"","overlay-opacity":"","overlay-gradient":""},"tablet":{"background-color":"","background-image":"","background-repeat":"repeat","background-position":"center center","background-size":"auto","background-attachment":"scroll","background-type":"","background-media":"","overlay-type":"","overlay-color":"","overlay-opacity":"","overlay-gradient":""},"mobile":{"background-color":"","background-image":"","background-repeat":"repeat","background-position":"center center","background-size":"auto","background-attachment":"scroll","background-type":"","background-media":"","overlay-type":"","overlay-color":"","overlay-opacity":"","overlay-gradient":""}},"ast-content-background-meta":{"desktop":{"background-color":"var(--ast-global-color-5)","background-image":"","background-repeat":"repeat","background-position":"center center","background-size":"auto","background-attachment":"scroll","background-type":"","background-media":"","overlay-type":"","overlay-color":"","overlay-opacity":"","overlay-gradient":""},"tablet":{"background-color":"var(--ast-global-color-5)","background-image":"","background-repeat":"repeat","background-position":"center center","background-size":"auto","background-attachment":"scroll","background-type":"","background-media":"","overlay-type":"","overlay-color":"","overlay-opacity":"","overlay-gradient":""},"mobile":{"background-color":"var(--ast-global-color-5)","background-image":"","background-repeat":"repeat","background-position":"center center","background-size":"auto","background-attachment":"scroll","background-type":"","background-media":"","overlay-type":"","overlay-color":"","overlay-opacity":"","overlay-gradient":""}},"footnotes":""},"class_list":["post-2","page","type-page","status-publish","hentry"],"_links":{"self":[{"href":"https:\/\/ma-spaw.pl\/wp-json\/wp\/v2\/pages\/2","targetHints":{"allow":["GET"]}}],"collection":[{"href":"https:\/\/ma-spaw.pl\/wp-json\/wp\/v2\/pages"}],"about":[{"href":"https:\/\/ma-spaw.pl\/wp-json\/wp\/v2\/types\/page"}],"author":[{"embeddable":true,"href":"https:\/\/ma-spaw.pl\/wp-json\/wp\/v2\/users\/1"}],"replies":[{"embeddable":true,"href":"https:\/\/ma-spaw.pl\/wp-json\/wp\/v2\/comments?post=2"}],"version-history":[{"count":12,"href":"https:\/\/ma-spaw.pl\/wp-json\/wp\/v2\/pages\/2\/revisions"}],"predecessor-version":[{"id":112,"href":"https:\/\/ma-spaw.pl\/wp-json\/wp\/v2\/pages\/2\/revisions\/112"}],"wp:attachment":[{"href":"https:\/\/ma-spaw.pl\/wp-json\/wp\/v2\/media?parent=2"}],"curies":[{"name":"wp","href":"https:\/\/api.w.org\/{rel}","templated":true}]}}